{"id":484,"date":"2023-09-30T05:50:59","date_gmt":"2023-09-30T05:50:59","guid":{"rendered":"https:\/\/malcolm-energy.com\/?page_id=484"},"modified":"2023-09-30T05:51:58","modified_gmt":"2023-09-30T05:51:58","slug":"devis","status":"publish","type":"page","link":"https:\/\/malcolm-energy.com\/index.php\/devis\/","title":{"rendered":"devis"},"content":{"rendered":"\t\t<div data-elementor-type=\"wp-page\" data-elementor-id=\"484\" class=\"elementor elementor-484\" data-elementor-post-type=\"page\">\n\t\t\t\t\t\t\t\t\t<section class=\"elementor-section elementor-top-section elementor-element elementor-element-232d903a elementor-section-stretched elementor-section-boxed elementor-section-height-default elementor-section-height-default\" data-id=\"232d903a\" data-element_type=\"section\" data-settings=\"{&quot;stretch_section&quot;:&quot;section-stretched&quot;,&quot;background_background&quot;:&quot;classic&quot;}\">\n\t\t\t\t\t\t<div class=\"elementor-container elementor-column-gap-default\">\n\t\t\t\t\t<div class=\"elementor-column elementor-col-100 elementor-top-column elementor-element elementor-element-f013d21\" data-id=\"f013d21\" data-element_type=\"column\">\n\t\t\t<div class=\"elementor-widget-wrap elementor-element-populated\">\n\t\t\t\t\t\t\t\t<div class=\"elementor-element elementor-element-c222e2f elementor-widget elementor-widget-shortcode\" data-id=\"c222e2f\" data-element_type=\"widget\" data-widget_type=\"shortcode.default\">\n\t\t\t\t<div class=\"elementor-widget-container\">\n\t\t\t\t\t<div class=\"elementor-shortcode\"><script type=\"text\/javascript\">var gform;gform||(document.addEventListener(\"gform_main_scripts_loaded\",function(){gform.scriptsLoaded=!0}),window.addEventListener(\"DOMContentLoaded\",function(){gform.domLoaded=!0}),gform={domLoaded:!1,scriptsLoaded:!1,initializeOnLoaded:function(o){gform.domLoaded&&gform.scriptsLoaded?o():!gform.domLoaded&&gform.scriptsLoaded?window.addEventListener(\"DOMContentLoaded\",o):document.addEventListener(\"gform_main_scripts_loaded\",o)},hooks:{action:{},filter:{}},addAction:function(o,n,r,t){gform.addHook(\"action\",o,n,r,t)},addFilter:function(o,n,r,t){gform.addHook(\"filter\",o,n,r,t)},doAction:function(o){gform.doHook(\"action\",o,arguments)},applyFilters:function(o){return gform.doHook(\"filter\",o,arguments)},removeAction:function(o,n){gform.removeHook(\"action\",o,n)},removeFilter:function(o,n,r){gform.removeHook(\"filter\",o,n,r)},addHook:function(o,n,r,t,i){null==gform.hooks[o][n]&&(gform.hooks[o][n]=[]);var e=gform.hooks[o][n];null==i&&(i=n+\"_\"+e.length),gform.hooks[o][n].push({tag:i,callable:r,priority:t=null==t?10:t})},doHook:function(n,o,r){var t;if(r=Array.prototype.slice.call(r,1),null!=gform.hooks[n][o]&&((o=gform.hooks[n][o]).sort(function(o,n){return o.priority-n.priority}),o.forEach(function(o){\"function\"!=typeof(t=o.callable)&&(t=window[t]),\"action\"==n?t.apply(null,r):r[0]=t.apply(null,r)})),\"filter\"==n)return r[0]},removeHook:function(o,n,t,i){var r;null!=gform.hooks[o][n]&&(r=(r=gform.hooks[o][n]).filter(function(o,n,r){return!!(null!=i&&i!=o.tag||null!=t&&t!=o.priority)}),gform.hooks[o][n]=r)}});<\/script>\n                <div class='gf_browser_gecko gform_wrapper gravity-theme gform-theme--no-framework' data-form-theme='gravity-theme' data-form-index='0' id='gform_wrapper_1' style='display:none'>\n                        <div class='gform_heading'>\n                            <h2 class=\"gform_title\">Demande devis<\/h2>\n                            <p class='gform_description'><\/p>\n\t\t\t\t\t\t\t<p class='gform_required_legend'><\/p>\n                        <\/div><form method='post' enctype='multipart\/form-data'  id='gform_1'  action='\/index.php\/wp-json\/wp\/v2\/pages\/484' data-formid='1' novalidate>\n                        <div class='gform-body gform_body'><div id='gform_fields_1' class='gform_fields top_label form_sublabel_above description_below'><div id=\"field_1_8\"  class=\"gfield gfield--type-section gsection field_sublabel_above gfield--has-description field_description_below gfield_visibility_hidden\"  data-js-reload=\"field_1_8\"><div class='admin-hidden-markup'><i class='gform-icon gform-icon--hidden'><\/i><span>Hidden<\/span><\/div><h3 class=\"gsection_title\">Next Steps: Sync an Email Add-On<\/h3><div class='gsection_description' id='gfield_description_1_8'>To get the most out of your form, we suggest that you sync this form with an email add-on. To learn more about your email add-on options, visit the following page: (https:\/\/www.gravityforms.com\/the-8-best-email-plugins-for-wordpress-in-2020). Important: Delete this tip before you publish the form.<\/div><\/div><fieldset id=\"field_1_11\"  class=\"gfield gfield--type-radio gfield--type-choice gfield--width-full gf_list_inline gfield_contains_required field_sublabel_above gfield--no-description field_description_below gfield_visibility_visible\"  data-js-reload=\"field_1_11\"><legend class='gfield_label gform-field-label'  >Vous \u00eates?<span class=\"gfield_required\"><span class=\"gfield_required gfield_required_asterisk\">*<\/span><\/span><\/legend><div class='ginput_container ginput_container_radio'><div class='gfield_radio' id='input_1_11'>\n\t\t\t<div class='gchoice gchoice_1_11_0'>\n\t\t\t\t\t<input class='gfield-choice-input' name='input_11' type='radio' value='Entreprise'  id='choice_1_11_0' onchange='gformToggleRadioOther( this )'    \/>\n\t\t\t\t\t<label for='choice_1_11_0' id='label_1_11_0' class='gform-field-label gform-field-label--type-inline'>Entreprise<\/label>\n\t\t\t<\/div>\n\t\t\t<div class='gchoice gchoice_1_11_1'>\n\t\t\t\t\t<input class='gfield-choice-input' name='input_11' type='radio' value='Particuliers' checked='checked' id='choice_1_11_1' onchange='gformToggleRadioOther( this )'    \/>\n\t\t\t\t\t<label for='choice_1_11_1' id='label_1_11_1' class='gform-field-label gform-field-label--type-inline'>Particuliers<\/label>\n\t\t\t<\/div><\/div><\/div><\/fieldset><fieldset id=\"field_1_1\"  class=\"gfield gfield--type-name gfield_contains_required field_sublabel_above gfield--no-description field_description_below gfield_visibility_visible\"  data-js-reload=\"field_1_1\"><legend class='gfield_label gform-field-label gfield_label_before_complex'  >Pr\u00e9nom &amp; nom<span class=\"gfield_required\"><span class=\"gfield_required gfield_required_asterisk\">*<\/span><\/span><\/legend><div class='ginput_complex ginput_container ginput_container--name no_prefix has_first_name no_middle_name has_last_name no_suffix gf_name_has_2 ginput_container_name gform-grid-row' id='input_1_1'>\n                            \n                            <span id='input_1_1_3_container' class='name_first gform-grid-col gform-grid-col--size-auto' >\n                                                    <label for='input_1_1_3' class='gform-field-label gform-field-label--type-sub '>Pr\u00e9nom<\/label>\n                                                    <input type='text' name='input_1.3' id='input_1_1_3' value=''   aria-required='true'    autocomplete=\"given-name\" \/>\n                                                <\/span>\n                            \n                            <span id='input_1_1_6_container' class='name_last gform-grid-col gform-grid-col--size-auto' >\n                                                            <label for='input_1_1_6' class='gform-field-label gform-field-label--type-sub '>Nom<\/label>\n                                                            <input type='text' name='input_1.6' id='input_1_1_6' value=''   aria-required='true'    autocomplete=\"family-name\" \/>\n                                                        <\/span>\n                            \n                        <\/div><\/fieldset><fieldset id=\"field_1_12\"  class=\"gfield gfield--type-name gfield--width-full gfield_contains_required field_sublabel_above gfield--no-description field_description_below gfield_visibility_visible\"  data-js-reload=\"field_1_12\"><legend class='gfield_label gform-field-label gfield_label_before_complex'  >Raison sociale<span class=\"gfield_required\"><span class=\"gfield_required gfield_required_asterisk\">*<\/span><\/span><\/legend><div class='ginput_complex ginput_container ginput_container--name no_prefix has_first_name no_middle_name no_last_name no_suffix gf_name_has_1 ginput_container_name gform-grid-row' id='input_1_12'>\n                            \n                            <span id='input_1_12_3_container' class='name_first gform-grid-col gform-grid-col--size-auto' >\n                                                    <label for='input_1_12_3' class='gform-field-label gform-field-label--type-sub '>Nom de l'entreprise<\/label>\n                                                    <input type='text' name='input_12.3' id='input_1_12_3' value=''   aria-required='true'    autocomplete=\"given-name\" \/>\n                                                <\/span>\n                            \n                            \n                            \n                        <\/div><\/fieldset><div id=\"field_1_2\"  class=\"gfield gfield--type-email gfield_contains_required field_sublabel_above gfield--no-description field_description_below gfield_visibility_visible\"  data-js-reload=\"field_1_2\"><label class='gfield_label gform-field-label' for='input_1_2' >Email<span class=\"gfield_required\"><span class=\"gfield_required gfield_required_asterisk\">*<\/span><\/span><\/label><div class='ginput_container ginput_container_email'>\n                            <input name='input_2' id='input_1_2' type='email' value='' class='large'    aria-required=\"true\" aria-invalid=\"false\"  autocomplete=\"email\"\/>\n                        <\/div><\/div><div id=\"field_1_14\"  class=\"gfield gfield--type-phone gfield--width-full gfield_contains_required field_sublabel_above gfield--no-description field_description_below gfield_visibility_visible\"  data-js-reload=\"field_1_14\"><label class='gfield_label gform-field-label' for='input_1_14' >t\u00e9l\u00e9phone<span class=\"gfield_required\"><span class=\"gfield_required gfield_required_asterisk\">*<\/span><\/span><\/label><div class='ginput_container ginput_container_phone'><input name='input_14' id='input_1_14' type='tel' value='' class='large'   aria-required=\"true\" aria-invalid=\"false\"   \/><\/div><\/div><fieldset id=\"field_1_3\"  class=\"gfield gfield--type-address gfield_contains_required field_sublabel_above gfield--no-description field_description_below gfield_visibility_visible\"  data-js-reload=\"field_1_3\"><legend class='gfield_label gform-field-label gfield_label_before_complex'  >Address<span class=\"gfield_required\"><span class=\"gfield_required gfield_required_asterisk\">*<\/span><\/span><\/legend>    \n                    <div class='ginput_complex ginput_container has_street has_street2 has_city ginput_container_address gform-grid-row' id='input_1_3' >\n                         <span class='ginput_full address_line_1 ginput_address_line_1 gform-grid-col' id='input_1_3_1_container' >\n                                        <label for='input_1_3_1' id='input_1_3_1_label' class='gform-field-label gform-field-label--type-sub '>adresse<\/label>\n                                        <input type='text' name='input_3.1' id='input_1_3_1' value=''    aria-required='true'   autocomplete=\"address-line1\" \/>\n                                   <\/span><span class='ginput_full address_line_2 ginput_address_line_2 gform-grid-col' id='input_1_3_2_container' >\n                                        <label for='input_1_3_2' id='input_1_3_2_label' class='gform-field-label gform-field-label--type-sub '>compl\u00e9ment d'adresse<\/label>\n                                        <input type='text' name='input_3.2' id='input_1_3_2' value=''    autocomplete=\"address-line2\" aria-required='false'   \/>\n                                    <\/span><span class='ginput_left address_city ginput_address_city gform-grid-col' id='input_1_3_3_container' >\n                                    <label for='input_1_3_3' id='input_1_3_3_label' class='gform-field-label gform-field-label--type-sub '>ville<\/label>\n                                    <input type='text' name='input_3.3' id='input_1_3_3' value=''    aria-required='true'   autocomplete=\"address-level2\" \/>\n                                 <\/span><input type='hidden' class='gform_hidden' name='input_3.4' id='input_1_3_4' value=''\/><input type='hidden' class='gform_hidden' name='input_3.6' id='input_1_3_6' value='Senegal' \/>\n                    <div class='gf_clear gf_clear_complex'><\/div>\n                <\/div><\/fieldset><fieldset id=\"field_1_10\"  class=\"gfield gfield--type-radio gfield--type-choice gfield--width-full gf_list_inline gfield_contains_required field_sublabel_above gfield--no-description field_description_below gfield_visibility_visible\"  data-js-reload=\"field_1_10\"><legend class='gfield_label gform-field-label'  >Vous souhaitez un devis pour<span class=\"gfield_required\"><span class=\"gfield_required gfield_required_asterisk\">*<\/span><\/span><\/legend><div class='ginput_container ginput_container_radio'><div class='gfield_radio' id='input_1_10'>\n\t\t\t<div class='gchoice gchoice_1_10_0'>\n\t\t\t\t\t<input class='gfield-choice-input' name='input_10' type='radio' value='Chauffe-eau solaire'  id='choice_1_10_0' onchange='gformToggleRadioOther( this )'    \/>\n\t\t\t\t\t<label for='choice_1_10_0' id='label_1_10_0' class='gform-field-label gform-field-label--type-inline'>Chauffe-eau solaire<\/label>\n\t\t\t<\/div>\n\t\t\t<div class='gchoice gchoice_1_10_1'>\n\t\t\t\t\t<input class='gfield-choice-input' name='input_10' type='radio' value='Syst\u00e8me photovolta\u00efque'  id='choice_1_10_1' onchange='gformToggleRadioOther( this )'    \/>\n\t\t\t\t\t<label for='choice_1_10_1' id='label_1_10_1' class='gform-field-label gform-field-label--type-inline'>Syst\u00e8me photovolta\u00efque<\/label>\n\t\t\t<\/div>\n\t\t\t<div class='gchoice gchoice_1_10_2'>\n\t\t\t\t\t<input class='gfield-choice-input' name='input_10' type='radio' value='Conseil efficacit\u00e9 \u00e9nerg\u00e9tique'  id='choice_1_10_2' onchange='gformToggleRadioOther( this )'    \/>\n\t\t\t\t\t<label for='choice_1_10_2' id='label_1_10_2' class='gform-field-label gform-field-label--type-inline'>Conseil efficacit\u00e9 \u00e9nerg\u00e9tique<\/label>\n\t\t\t<\/div>\n\t\t\t<div class='gchoice gchoice_1_10_3'>\n\t\t\t\t\t<input class='gfield-choice-input' name='input_10' type='radio' value='Maintenance'  id='choice_1_10_3' onchange='gformToggleRadioOther( this )'    \/>\n\t\t\t\t\t<label for='choice_1_10_3' id='label_1_10_3' class='gform-field-label gform-field-label--type-inline'>Maintenance<\/label>\n\t\t\t<\/div>\n\t\t\t<div class='gchoice gchoice_1_10_4'>\n\t\t\t\t\t<input class='gfield-choice-input' name='input_10' type='radio' value='Vid\u00e9o surveillance'  id='choice_1_10_4' onchange='gformToggleRadioOther( this )'    \/>\n\t\t\t\t\t<label for='choice_1_10_4' id='label_1_10_4' class='gform-field-label gform-field-label--type-inline'>Vid\u00e9o surveillance<\/label>\n\t\t\t<\/div><\/div><\/div><\/fieldset><div id=\"field_1_6\"  class=\"gfield gfield--type-textarea field_sublabel_above gfield--no-description field_description_below gfield_visibility_visible\"  data-js-reload=\"field_1_6\"><label class='gfield_label gform-field-label' for='input_1_6' >D\u00e9taillez votre demande<\/label><div class='ginput_container ginput_container_textarea'><textarea name='input_6' id='input_1_6' class='textarea medium'      aria-invalid=\"false\"   rows='10' cols='50'><\/textarea><\/div><\/div><div id=\"field_1_15\"  class=\"gfield gfield--type-honeypot gform_validation_container field_sublabel_above gfield--has-description field_description_below gfield_visibility_visible\"  data-js-reload=\"field_1_15\"><label class='gfield_label gform-field-label' for='input_1_15' >Name<\/label><div class='ginput_container'><input name='input_15' id='input_1_15' type='text' value='' autocomplete='new-password'\/><\/div><div class='gfield_description' id='gfield_description_1_15'>This field is for validation purposes and should be left unchanged.<\/div><\/div><\/div><\/div>\n        <div class='gform_footer top_label'> <input type='submit' id='gform_submit_button_1' class='gform_button button' value='Envoyer'  onclick='if(window[\"gf_submitting_1\"]){return false;}  if( !jQuery(\"#gform_1\")[0].checkValidity || jQuery(\"#gform_1\")[0].checkValidity()){window[\"gf_submitting_1\"]=true;}  ' onkeypress='if( event.keyCode == 13 ){ if(window[\"gf_submitting_1\"]){return false;} if( !jQuery(\"#gform_1\")[0].checkValidity || jQuery(\"#gform_1\")[0].checkValidity()){window[\"gf_submitting_1\"]=true;}  jQuery(\"#gform_1\").trigger(\"submit\",[true]); }' \/> \n            <input type='hidden' class='gform_hidden' name='is_submit_1' value='1' \/>\n            <input type='hidden' class='gform_hidden' name='gform_submit' value='1' \/>\n            \n            <input type='hidden' class='gform_hidden' name='gform_unique_id' value='' \/>\n            <input type='hidden' class='gform_hidden' name='state_1' value='WyJ7XCIxMVwiOltcImRiZDc3NzYzNmMzMDk1Njc5NzRkNmFkMDZmMGM5MWI3XCIsXCJhODM5YWYxNjdjMTk3YzdhYzAxMmRmODhkN2NhMzU3NVwiXSxcIjEwXCI6W1wiZGNiM2I3MmQyNjUzYTVjMTA0MzJjYjI5YWRkYWNkMzBcIixcImEyYTI1OGI0OTIyN2NkN2ZlY2M5MzU0NjdlN2YzMGQ0XCIsXCIwNjkwNGUxNjI5ZmNhNzNlMWFkNDZhMzEzMmI5NWUwMFwiLFwiZmFlOWRkMWJmYTllMjg0NmVkYzFiZDk4ZmZkZmE3ZDhcIixcImMxMDQzZDZlOWI4OGRhNGM4YzVkNWUwMjFiZjNkOTY5XCJdfSIsIjgzZTY1MGVmNjNlNWY4NjEyOWYxNmQ0NGFiNzdhOGE3Il0=' \/>\n            <input type='hidden' class='gform_hidden' name='gform_target_page_number_1' id='gform_target_page_number_1' value='0' \/>\n            <input type='hidden' class='gform_hidden' name='gform_source_page_number_1' id='gform_source_page_number_1' value='1' \/>\n            <input type='hidden' name='gform_field_values' value='' \/>\n            \n        <\/div>\n                        <\/form>\n                        <\/div><script>\ngform.initializeOnLoaded( function() {gformInitSpinner( 1, 'https:\/\/mlmgir0p4nb8.i.optimole.com\/w:auto\/h:auto\/q:mauto\/ig:avif\/f:best\/https:\/\/malcolm-energy.com\/wp-content\/plugins\/gravityforms\/images\/spinner.svg', true );jQuery('#gform_ajax_frame_1').on('load',function(){var contents = jQuery(this).contents().find('*').html();var is_postback = contents.indexOf('GF_AJAX_POSTBACK') >= 0;if(!is_postback){return;}var form_content = jQuery(this).contents().find('#gform_wrapper_1');var is_confirmation = jQuery(this).contents().find('#gform_confirmation_wrapper_1').length > 0;var is_redirect = contents.indexOf('gformRedirect(){') >= 0;var is_form = form_content.length > 0 && ! is_redirect && ! is_confirmation;var mt = parseInt(jQuery('html').css('margin-top'), 10) + parseInt(jQuery('body').css('margin-top'), 10) + 100;if(is_form){jQuery('#gform_wrapper_1').html(form_content.html());if(form_content.hasClass('gform_validation_error')){jQuery('#gform_wrapper_1').addClass('gform_validation_error');} else {jQuery('#gform_wrapper_1').removeClass('gform_validation_error');}setTimeout( function() { \/* delay the scroll by 50 milliseconds to fix a bug in chrome *\/  }, 50 );if(window['gformInitDatepicker']) {gformInitDatepicker();}if(window['gformInitPriceFields']) {gformInitPriceFields();}var current_page = jQuery('#gform_source_page_number_1').val();gformInitSpinner( 1, 'https:\/\/mlmgir0p4nb8.i.optimole.com\/w:auto\/h:auto\/q:mauto\/ig:avif\/f:best\/https:\/\/malcolm-energy.com\/wp-content\/plugins\/gravityforms\/images\/spinner.svg', true );jQuery(document).trigger('gform_page_loaded', [1, current_page]);window['gf_submitting_1'] = false;}else if(!is_redirect){var confirmation_content = jQuery(this).contents().find('.GF_AJAX_POSTBACK').html();if(!confirmation_content){confirmation_content = contents;}setTimeout(function(){jQuery('#gform_wrapper_1').replaceWith(confirmation_content);jQuery(document).trigger('gform_confirmation_loaded', [1]);window['gf_submitting_1'] = false;wp.a11y.speak(jQuery('#gform_confirmation_message_1').text());}, 50);}else{jQuery('#gform_1').append(contents);if(window['gformRedirect']) {gformRedirect();}}jQuery(document).trigger('gform_post_render', [1, current_page]);gform.utils.trigger({ event: 'gform\/postRender', native: false, data: { formId: 1, currentPage: current_page } });} );} );\n<\/script>\n<\/div>\n\t\t\t\t<\/div>\n\t\t\t\t<\/div>\n\t\t\t\t\t<\/div>\n\t\t<\/div>\n\t\t\t\t\t\t\t<\/div>\n\t\t<\/section>\n\t\t\t\t\t\t\t<\/div>\n\t\t","protected":false},"excerpt":{"rendered":"","protected":false},"author":1,"featured_media":0,"parent":0,"menu_order":0,"comment_status":"closed","ping_status":"closed","template":"","meta":{"_themeisle_gutenberg_block_has_review":false,"footnotes":""},"_links":{"self":[{"href":"https:\/\/malcolm-energy.com\/index.php\/wp-json\/wp\/v2\/pages\/484"}],"collection":[{"href":"https:\/\/malcolm-energy.com\/index.php\/wp-json\/wp\/v2\/pages"}],"about":[{"href":"https:\/\/malcolm-energy.com\/index.php\/wp-json\/wp\/v2\/types\/page"}],"author":[{"embeddable":true,"href":"https:\/\/malcolm-energy.com\/index.php\/wp-json\/wp\/v2\/users\/1"}],"replies":[{"embeddable":true,"href":"https:\/\/malcolm-energy.com\/index.php\/wp-json\/wp\/v2\/comments?post=484"}],"version-history":[{"count":4,"href":"https:\/\/malcolm-energy.com\/index.php\/wp-json\/wp\/v2\/pages\/484\/revisions"}],"predecessor-version":[{"id":488,"href":"https:\/\/malcolm-energy.com\/index.php\/wp-json\/wp\/v2\/pages\/484\/revisions\/488"}],"wp:attachment":[{"href":"https:\/\/malcolm-energy.com\/index.php\/wp-json\/wp\/v2\/media?parent=484"}],"curies":[{"name":"wp","href":"https:\/\/api.w.org\/{rel}","templated":true}]}}