{"id":417,"date":"2023-09-30T05:05:22","date_gmt":"2023-09-30T05:05:22","guid":{"rendered":"https:\/\/malcolm-energy.com\/?page_id=417"},"modified":"2023-09-30T05:05:22","modified_gmt":"2023-09-30T05:05:22","slug":"refund_returns","status":"publish","type":"page","link":"https:\/\/malcolm-energy.com\/index.php\/refund_returns\/","title":{"rendered":"CGU &#038; mentions l\u00e9gales"},"content":{"rendered":"\n<p><strong>1. Acceptation des conditions g\u00e9n\u00e9rales<\/strong><\/p>\n\n\n\n<p>Bienvenue sur le site web de Malcolm \u00c9nergie. En utilisant notre site, vous acceptez les pr\u00e9sentes Conditions G\u00e9n\u00e9rales d&#8217;Utilisation. Si vous n&#8217;\u00eates pas d&#8217;accord avec ces conditions, veuillez ne pas utiliser notre site.<\/p>\n\n\n\n<p><strong>2. Utilisation du site<\/strong><\/p>\n\n\n\n<p>Malcolm \u00c9nergie vous accorde une licence limit\u00e9e pour acc\u00e9der et utiliser notre site uniquement \u00e0 des fins personnelles et non commerciales. Vous ne pouvez pas copier, modifier, distribuer, afficher, transmettre, publier, vendre, conc\u00e9der une licence, cr\u00e9er des \u0153uvres d\u00e9riv\u00e9es ou exploiter de quelque mani\u00e8re que ce soit notre site sans notre consentement \u00e9crit pr\u00e9alable.<\/p>\n\n\n\n<p><strong>3. Confidentialit\u00e9<\/strong><\/p>\n\n\n\n<p>Veuillez consulter notre Politique de Confidentialit\u00e9 pour comprendre comment nous collectons, utilisons et prot\u00e9geons vos donn\u00e9es personnelles.<\/p>\n\n\n\n<p><strong>4. Propri\u00e9t\u00e9 intellectuelle<\/strong><\/p>\n\n\n\n<p>Tous les contenus pr\u00e9sents sur notre site, y compris les textes, les images, les vid\u00e9os, les logos et les marques, sont la propri\u00e9t\u00e9 de Malcolm \u00c9nergie ou de ses conc\u00e9dants de licence. Vous ne pouvez pas utiliser ces contenus sans autorisation \u00e9crite pr\u00e9alable.<\/p>\n\n\n\n<p><strong>5. Liens vers des sites tiers<\/strong><\/p>\n\n\n\n<p>Notre site peut contenir des liens vers des sites web tiers. Malcolm \u00c9nergie n&#8217;assume aucune responsabilit\u00e9 pour le contenu ou la politique de confidentialit\u00e9 de ces sites tiers.<\/p>\n\n\n\n<p><strong>6. Limitation de responsabilit\u00e9<\/strong><\/p>\n\n\n\n<p>Malcolm \u00c9nergie s&#8217;efforce de fournir des informations pr\u00e9cises sur son site, mais ne garantit pas l&#8217;exactitude ou l&#8217;exhaustivit\u00e9 des informations. En aucun cas, Malcolm \u00c9nergie ne sera responsable des dommages directs, indirects, accessoires, sp\u00e9ciaux, cons\u00e9cutifs ou punitifs d\u00e9coulant de l&#8217;utilisation de ce site.<\/p>\n\n\n\n<p><strong>7. Modification des CGU<\/strong><\/p>\n\n\n\n<p>Nous nous r\u00e9servons le droit de modifier ces CGU \u00e0 tout moment. Les modifications entreront en vigueur d\u00e8s leur publication sur le site. Il est de votre responsabilit\u00e9 de consulter r\u00e9guli\u00e8rement les CGU pour \u00eatre inform\u00e9 des changements.<\/p>\n\n\n\n<p><strong>8. Contact<\/strong><\/p>\n\n\n\n<p>Si vous avez des questions ou des pr\u00e9occupations concernant nos CGU, veuillez nous contacter \u00e0 l&#8217;adresse suivante :<\/p>\n\n\n\n<p>Malcolm \u00c9nergie [Adresse] [T\u00e9l\u00e9phone] [Email]<\/p>\n\n\n\n<hr class=\"wp-block-separator has-alpha-channel-opacity\"\/>\n\n\n\n<p><strong>Mentions L\u00e9gales<\/strong><\/p>\n\n\n\n<p><strong>Raison sociale<\/strong> : Malcolm \u00c9nergie<\/p>\n\n\n\n<p><strong>Forme juridique<\/strong> : <\/p>\n\n\n\n<p><strong>Capital social<\/strong> :<\/p>\n\n\n\n<p><strong>Si\u00e8ge social<\/strong> : pikine<\/p>\n\n\n\n<p><strong>Num\u00e9ro de t\u00e9l\u00e9phone<\/strong> : +221 78 141 54 25<\/p>\n\n\n\n<p><strong>Adresse e-mail<\/strong> : contact@malcolm-energy.com<\/p>\n\n\n\n<p><strong>Immatriculation<\/strong> : <\/p>\n\n\n\n<p><strong>Directeur de la publication<\/strong> : Mamadou Samba Faye<\/p>\n\n\n\n<p><strong>H\u00e9bergement<\/strong> : Souatech consulting<\/p>\n\n\n\n<p><\/p>\n\n\n\n<p><strong>Autorit\u00e9 de contr\u00f4le<\/strong> : souadou camara<\/p>\n","protected":false},"excerpt":{"rendered":"<p>1. Acceptation des conditions g\u00e9n\u00e9rales Bienvenue sur le site web de Malcolm \u00c9nergie. En utilisant notre site, vous acceptez les pr\u00e9sentes Conditions G\u00e9n\u00e9rales d&#8217;Utilisation. Si vous n&#8217;\u00eates pas d&#8217;accord avec ces conditions, veuillez ne pas utiliser notre site. 2. Utilisation du site Malcolm \u00c9nergie vous accorde une licence limit\u00e9e pour acc\u00e9der et utiliser notre site [&hellip;]<\/p>\n","protected":false},"author":1,"featured_media":0,"parent":0,"menu_order":0,"comment_status":"closed","ping_status":"closed","template":"","meta":{"_themeisle_gutenberg_block_has_review":false,"footnotes":""},"_links":{"self":[{"href":"https:\/\/malcolm-energy.com\/index.php\/wp-json\/wp\/v2\/pages\/417"}],"collection":[{"href":"https:\/\/malcolm-energy.com\/index.php\/wp-json\/wp\/v2\/pages"}],"about":[{"href":"https:\/\/malcolm-energy.com\/index.php\/wp-json\/wp\/v2\/types\/page"}],"author":[{"embeddable":true,"href":"https:\/\/malcolm-energy.com\/index.php\/wp-json\/wp\/v2\/users\/1"}],"replies":[{"embeddable":true,"href":"https:\/\/malcolm-energy.com\/index.php\/wp-json\/wp\/v2\/comments?post=417"}],"version-history":[{"count":1,"href":"https:\/\/malcolm-energy.com\/index.php\/wp-json\/wp\/v2\/pages\/417\/revisions"}],"predecessor-version":[{"id":467,"href":"https:\/\/malcolm-energy.com\/index.php\/wp-json\/wp\/v2\/pages\/417\/revisions\/467"}],"wp:attachment":[{"href":"https:\/\/malcolm-energy.com\/index.php\/wp-json\/wp\/v2\/media?parent=417"}],"curies":[{"name":"wp","href":"https:\/\/api.w.org\/{rel}","templated":true}]}}